{"id":6,"date":"2008-09-21T06:59:07","date_gmt":"2008-09-21T11:59:07","guid":{"rendered":"http:\/\/192.168.1.251\/wordpress\/?page_id=2"},"modified":"2023-07-29T14:57:11","modified_gmt":"2023-07-29T14:57:11","slug":"about","status":"publish","type":"page","link":"https:\/\/blog.sergiob.org\/","title":{"rendered":""},"content":{"rendered":"<p>Originalmente este blog serv\u00eda como &#8220;prueba de concepto&#8221;, viv\u00eda en una laptop vieja que me cost\u00f3 $3,000 MXN y cuyo monitor no funcionaba, y ten\u00eda primordialmente fotos (ahora perdidas en el tiempo) sobre mi d\u00eda a d\u00eda.<\/p>\n<p>Luego se volvio una p\u00e1gina donde publicaba cosas sobre los principales temas en mi vida: mi trabajo (seguridad inform\u00e1tica), mis pasiones (futbol americano, tecnolog\u00eda, viajar), entretenimiento (m\u00fasica, series y pel\u00edculas) y mi forma de ver la vida (pol\u00edtica, educaci\u00f3n, desarrollo personal).<\/p>\n<p>Ultimamente no publico tanto. Pero tengo mas ideas sobre lo que quiero escribir, y muchos posts a medio escribir. Veo la vida bastante mas diferente de lo que lo hacia cuando empece con este sitio, y al mismo tiempo, no tan diferente.<\/p>\n<p>Esta es la <del datetime=\"2010-11-09T21:10:48+00:00\">segunda<\/del> <del datetime=\"2011-02-14T06:51:48+00:00\">tercera<\/del>\u00a0<span style=\"text-decoration: line-through;\">cuarta<\/span> quinta versi\u00f3n de mi blog. Es fabuloso voltear al pasado y leer mis pensamientos, y espero poder seguir dejando estos rastros para el Sergio del futuro.<\/p>\n<p>Bienvenid@!<\/p>\n<p>Ultima actualizaci\u00f3n de esta introducci\u00f3n: 29 de Julio, 2023<\/p>\n\n\n<p><\/p>\n","protected":false},"excerpt":{"rendered":"<p>Originalmente este blog serv\u00eda como &#8220;prueba de concepto&#8221;, viv\u00eda en una laptop vieja que me cost\u00f3 $3,000 MXN y cuyo monitor no funcionaba, y ten\u00eda primordialmente fotos (ahora perdidas en el tiempo) sobre mi d\u00eda a d\u00eda. Luego se volvio una p\u00e1gina donde publicaba cosas sobre los principales temas en mi vida: mi trabajo (seguridad &hellip; <a href=\"https:\/\/blog.sergiob.org\/\" class=\"more-link\">Continue reading<span class=\"screen-reader-text\"> &#8220;&#8221;<\/span><\/a><\/p>\n","protected":false},"author":1,"featured_media":0,"parent":0,"menu_order":0,"comment_status":"open","ping_status":"open","template":"","meta":{"footnotes":""},"class_list":["post-6","page","type-page","status-publish","hentry"],"_links":{"self":[{"href":"https:\/\/blog.sergiob.org\/index.php?rest_route=\/wp\/v2\/pages\/6","targetHints":{"allow":["GET"]}}],"collection":[{"href":"https:\/\/blog.sergiob.org\/index.php?rest_route=\/wp\/v2\/pages"}],"about":[{"href":"https:\/\/blog.sergiob.org\/index.php?rest_route=\/wp\/v2\/types\/page"}],"author":[{"embeddable":true,"href":"https:\/\/blog.sergiob.org\/index.php?rest_route=\/wp\/v2\/users\/1"}],"replies":[{"embeddable":true,"href":"https:\/\/blog.sergiob.org\/index.php?rest_route=%2Fwp%2Fv2%2Fcomments&post=6"}],"version-history":[{"count":2,"href":"https:\/\/blog.sergiob.org\/index.php?rest_route=\/wp\/v2\/pages\/6\/revisions"}],"predecessor-version":[{"id":523,"href":"https:\/\/blog.sergiob.org\/index.php?rest_route=\/wp\/v2\/pages\/6\/revisions\/523"}],"wp:attachment":[{"href":"https:\/\/blog.sergiob.org\/index.php?rest_route=%2Fwp%2Fv2%2Fmedia&parent=6"}],"curies":[{"name":"wp","href":"https:\/\/api.w.org\/{rel}","templated":true}]}}